{"id":362,"date":"2018-08-12T14:53:23","date_gmt":"2018-08-12T12:53:23","guid":{"rendered":"http:\/\/uneidentrelesmains.com\/?page_id=362"},"modified":"2018-08-12T15:03:06","modified_gmt":"2018-08-12T13:03:06","slug":"a-propos","status":"publish","type":"page","link":"https:\/\/uneidentrelesmains.com\/index.php\/a-propos\/","title":{"rendered":"A propos"},"content":{"rendered":"<p>Je m&rsquo;appelle Delphine. Je voue une passion aux travaux manuels depuis toute petite. J&rsquo;ai d\u00e9couvert la couture \u00e0 l&rsquo;\u00e2ge de 14 ans. J&rsquo;adore cr\u00e9er objets et v\u00eatements de mes mains.<\/p>\n<p>Ma passion se nourrit des nouvelles techniques qui se d\u00e9veloppent ou d&rsquo;anciens savoir-faire remis au go\u00fbt du jour. Mon inspiration prend sa source dans mon environnement, en fonction de mes besoins et des commandes qui me sont faites, mais aussi dans les livres et revues que je collectionne sur ces sujets.<\/p>\n<p>N&rsquo;h\u00e9sitez pas \u00e0 naviguer au fil des articles et laissez moi vos commentaires afin de me faire part de vos remarques et suggestions.<\/p>\n<p>&nbsp;<\/p>\n","protected":false},"excerpt":{"rendered":"<p>Je m&rsquo;appelle Delphine. Je voue une passion aux travaux manuels depuis toute petite. J&rsquo;ai d\u00e9couvert la couture \u00e0 l&rsquo;\u00e2ge de 14 ans. J&rsquo;adore cr\u00e9er objets et v\u00eatements de mes mains. Ma passion se nourrit des nouvelles techniques qui se d\u00e9veloppent ou d&rsquo;anciens savoir-faire remis au go\u00fbt du jour. Mon inspiration prend sa source dans mon&hellip; <a href=\"https:\/\/uneidentrelesmains.com\/index.php\/a-propos\/\" class=\"more-link\">Lire la suite <span class=\"screen-reader-text\">A propos<\/span><\/a><\/p>\n","protected":false},"author":1,"featured_media":0,"parent":0,"menu_order":0,"comment_status":"closed","ping_status":"closed","template":"","meta":{"footnotes":""},"class_list":["post-362","page","type-page","status-publish","hentry"],"jetpack_sharing_enabled":true,"jetpack_likes_enabled":true,"_links":{"self":[{"href":"https:\/\/uneidentrelesmains.com\/index.php\/wp-json\/wp\/v2\/pages\/362","targetHints":{"allow":["GET"]}}],"collection":[{"href":"https:\/\/uneidentrelesmains.com\/index.php\/wp-json\/wp\/v2\/pages"}],"about":[{"href":"https:\/\/uneidentrelesmains.com\/index.php\/wp-json\/wp\/v2\/types\/page"}],"author":[{"embeddable":true,"href":"https:\/\/uneidentrelesmains.com\/index.php\/wp-json\/wp\/v2\/users\/1"}],"replies":[{"embeddable":true,"href":"https:\/\/uneidentrelesmains.com\/index.php\/wp-json\/wp\/v2\/comments?post=362"}],"version-history":[{"count":3,"href":"https:\/\/uneidentrelesmains.com\/index.php\/wp-json\/wp\/v2\/pages\/362\/revisions"}],"predecessor-version":[{"id":366,"href":"https:\/\/uneidentrelesmains.com\/index.php\/wp-json\/wp\/v2\/pages\/362\/revisions\/366"}],"wp:attachment":[{"href":"https:\/\/uneidentrelesmains.com\/index.php\/wp-json\/wp\/v2\/media?parent=362"}],"curies":[{"name":"wp","href":"https:\/\/api.w.org\/{rel}","templated":true}]}}